{"id":26700,"date":"2018-10-11T15:14:24","date_gmt":"2018-10-11T13:14:24","guid":{"rendered":"https:\/\/www.atelierfranzwest.at\/uber-uns\/"},"modified":"2019-06-13T17:42:21","modified_gmt":"2019-06-13T15:42:21","slug":"uber-uns","status":"publish","type":"page","link":"https:\/\/www.atelierfranzwest.at\/de\/uber-uns\/","title":{"rendered":"\u00dcber Mich"},"content":{"rendered":"<p>[et_pb_section bb_built=&#8220;1&#8243; _builder_version=&#8220;3.13.1&#8243; background_color_gradient_start=&#8220;#911d81&#8243; background_color_gradient_end=&#8220;#19557a&#8220; background_color_gradient_type=&#8220;radial&#8220; background_color_gradient_direction_radial=&#8220;top right&#8220; background_color_gradient_start_position=&#8220;4%&#8220;][et_pb_row _builder_version=&#8220;3.13.1&#8243;][et_pb_column type=&#8220;4_4&#8243;][et_pb_image _builder_version=&#8220;3.13.1&#8243; src=&#8220;https:\/\/www.atelierfranzwest.at\/afw\/wp-content\/uploads\/AFW-Foto-1-1.png&#8220; \/][et_pb_image _builder_version=&#8220;3.13.1&#8243; src=&#8220;https:\/\/www.atelierfranzwest.at\/afw\/wp-content\/uploads\/IMG_7866-V2-1.pdf&#8220; \/][et_pb_text _builder_version=&#8220;3.16.1&#8243;]<\/p>\n<p>Franz WEST 2006: Videoinstallation und Objekt Multiple &#8222;HANS&#8217;S BLICK &#8211; Hans blickt ins Objektiv&#8220;<\/p>\n<p>[\/et_pb_text][\/et_pb_column][\/et_pb_row][et_pb_row _builder_version=&#8220;3.13.1&#8243;][et_pb_column type=&#8220;4_4&#8243;][et_pb_image _builder_version=&#8220;3.13.1&#8243; src=&#8220;https:\/\/www.atelierfranzwest.at\/afw\/wp-content\/uploads\/Tribute-to-Franz-WEST-Hans-RIEDEL-3-1.png&#8220; \/][et_pb_image _builder_version=&#8220;3.13.1&#8243; src=&#8220;https:\/\/www.atelierfranzwest.at\/afw\/wp-content\/uploads\/Tribute-to-Franz-WEST-Hans-RIEDEL-4.png&#8220; \/][et_pb_image _builder_version=&#8220;3.13.1&#8243; \/][et_pb_image _builder_version=&#8220;3.13.1&#8243; src=&#8220;https:\/\/www.atelierfranzwest.at\/afw\/wp-content\/uploads\/Tribute-to-Franz-WEST-Hans-RIEDEL-5a.png&#8220; \/][et_pb_image _builder_version=&#8220;3.13.1&#8243; src=&#8220;https:\/\/www.atelierfranzwest.at\/afw\/wp-content\/uploads\/gro\u00dfgesicht-2018.png&#8220; \/][et_pb_text _builder_version=&#8220;3.16.1&#8243;]<\/p>\n<p>Hans RIEDEL &#8211; Franz WEST: erste gemeinsame Foto-Collage mithilfe computergest\u00fctzter Bildverarbeitung in Atelier ERDENREICH &amp; Atelier Franz WEST<\/p>\n<p>[\/et_pb_text][et_pb_text _builder_version=&#8220;3.16.1&#8243;]<\/p>\n<p>hans RIEDEL, Bildhauer<\/p>\n<p>geb. am 17.2.1966 in Rio de Janeiro\/ Brasilien<\/p>\n<p>mit 6 Jahren \u00dcbersiedlung nach \u00d6sterreich &#8211; Vorarlberg, dann \u00fcberwiegender Aufenthalt in Wien, Austria-EU, mit vor\u00fcbergehenden Aufenthalten in New York, Berlin, Paris;<\/p>\n<h1>Ausbildung<\/h1>\n<p>&nbsp;<\/p>\n<p>Studium der Philosophie\/Kommunikationswissenschaft<\/p>\n<p>Universit\u00e4t WIEN ( u.a. bei Herbert Lachmayer, G\u00fcnter G\u00fcnter Nenning, Herbert Hrachowetz, Peter Sloterdijk )<\/p>\n<p>&nbsp;<\/p>\n<p>Studium an der Hochschule\/Universit\u00e4t f\u00fcr ANGEWANDTE KUNST, Wien<\/p>\n<p>Bildhauerei Mkl. Brigitte KOWANZ<\/p>\n<p>(unter anderem bei Christian Reder, Peter Noever, Gernot Figlm\u00fcller, Christian Perrelli)<\/p>\n<p>&nbsp;<\/p>\n<p>&nbsp;<\/p>\n<p>seit 08.2017 \u00a0\u00a0\u00a0\u00a0\u00a0\u00a0\u00a0\u00a0\u00a0\u00a0\u00a0\u00a0\u00a0\u00a0\u00a0\u00a0\u00a0\u00a0\u00a0\u00a0\u00a0\u00a0\u00a0 Gr\u00fcndung und Betreibung der AFW Atelier Franz WEST GmbH in 1070 Wien<\/p>\n<p>26.Juli 2102 \u2013Okt. 2017 \u00a0\u00a0\u00a0\u00a0\u00a0 FM-Assistent f\u00fcr Franz West Werknutzungs-<\/p>\n<p>GmbH, 1030 Wien<\/p>\n<p>1996-\u00a026. Juli 2012\u00a0\u00a0 \u00a0\u00a0\u00a0\u00a0\u00a0\u00a0\u00a0\u00a0 Organisations-Assistent von Franz West<\/p>\n<p><strong>\u00a0<\/strong><\/p>\n<p>&nbsp;<\/p>\n<p>&nbsp;<\/p>\n<p>&nbsp;<\/p>\n<p>&nbsp;<\/p>\n<p>seit 1993\u00a0 Atelierarbeiten im\u00a0 ERDENREICH bei Wien<\/p>\n<p>seit 1991\u00a0\u00a0Errichtung und Betreibung der<\/p>\n<p>Ateliergemeinschaft ERDENREICH, Wien 7,<\/p>\n<p>Neubaugasse 7 mit anderen K\u00fcnstlern<\/p>\n<p>&nbsp;<\/p>\n<p>1986-88\u00a0\u00a0\u00a0 Verfasser der Zeitschrift \u201eARTEFAKT\u201c (Kunstzeitschrift)<\/p>\n<p>seit 1984 \u00a0 Reisen in 37 L\u00e4nder der Welt<\/p>\n<p>seit 1985 \u00a0 freischaffend und selbst\u00e4ndig t\u00e4tig<\/p>\n<p>(bis dato 76 verschiedene Berufsfelder)<\/p>\n<p>&nbsp;<\/p>\n<p>&nbsp;<\/p>\n<h1>Gruppenausstellungen \/ Einzelausstellungen (E)<\/h1>\n<p>&nbsp;<\/p>\n<p>2017\u00a0\u00a0\u00a0\u00a0\u00a0\u00a0\u00a0\u00a0\u00a0 \u201eDurchh\u00e4nger\u201c (E) Ausstellungsraum LIGA 32, 1070 Wien\/A<\/p>\n<p>2015 \u00a0\u00a0\u00a0\u00a0\u00a0\u00a0\u00a0\u00a0 \u201eAbgeh\u00e4ngtes\u201c (E)\u00a0 Salon unter den Linden, 1070 Wien\/A<\/p>\n<p>2008 \u00a0\u00a0\u00a0\u00a0\u00a0\u00a0\u00a0\u00a0 \u201eH\u00e4ngende Arbeiten\u201c (E) Atelier ERDENREICH, 1070 Wien\/A<\/p>\n<p>2006 \u00a0\u00a0\u00a0\u00a0\u00a0\u00a0\u00a0\u00a0 \u201eVon fliegenden K\u00fchen und anderen Kometen \u2013 Nicht\u00a0nur komische<\/p>\n<p>Dinge in der Kunst\u201c, Galerie der Stadt Esslingen\/Esslingen am Neckar\/D<\/p>\n<p>2006 \u00a0\u00a0\u00a0\u00a0\u00a0\u00a0\u00a0\u00a0 \u201eFranz West und Assistenten\u201c, Galerie 422\/Gmunden\/A<\/p>\n<p>2006 \u00a0\u00a0\u00a0\u00a0\u00a0\u00a0\u00a0\u00a0 \u201eDie Farbe Rot\u201c, Kunstprojekt im Karl-Marx-Hof, Wien\/A<\/p>\n<p>2005 \u00a0\u00a0\u00a0\u00a0\u00a0\u00a0\u00a0\u00a0 \u201eFranz West and friends\u201c\/Folkwang Kunst &amp; Energie Atoll\/D<\/p>\n<p>2005\u00a0\u00a0 \u00a0\u00a0\u00a0\u00a0\u00a0\u00a0 \u201eAvailable Art\u201c\/Galerie Camelot\/Krakau\/PL<\/p>\n<p>2005 \u00a0\u00a0\u00a0\u00a0\u00a0\u00a0\u00a0\u00a0 \u201eFacts and Visions\u201c Kunstverein Bruck\/N\u00d6\/A<\/p>\n<p>2005 \u00a0\u00a0\u00a0\u00a0\u00a0\u00a0\u00a0\u00a0 \u201eZUHAUS\u201c Kunstprojekt\/Wien\/A<\/p>\n<p>2004\u00a0\u00a0\u00a0\u00a0\u00a0\u00a0\u00a0\u00a0\u00a0 \u201eGorizia Art Festival\u201c\/IT<\/p>\n<p>2004\u00a0\u00a0\u00a0\u00a0\u00a0\u00a0\u00a0\u00a0\u00a0 \u201eOut in the West\u201c\/Austrian Cultural Forum\/London\/GB<\/p>\n<p>2003 \u00a0\u00a0\u00a0\u00a0\u00a0\u00a0\u00a0\u00a0 \u201eL\u00e1-Bas -Franz West und andere \u201c\/Nexus Kunsthalle\/Saalfelden\/A<\/p>\n<p>2002 \u00a0 \u00a0 \u00a0 \u00a0 \u00a0\u201eParles-vous Fran\u00e7ais?\u201c\/Galerie Hohenlohe &amp; Kalb\/Wien\/A<\/p>\n<p>2002\u00a0\u00a0\u00a0\u00a0\u00a0\u00a0\u00a0\u00a0\u00a0 \u201eSoho \u2013 Homegrown\u201c\/Depot Engelhorn\/Wien\/A<\/p>\n<p>2002 \u00a0 \u00a0 \u00a0 \u00a0 \u00a0\u201eEnglish Dictionary\u201c\/MAC Galeries Contemporaines des Mus\u00e9es de Marseille\/\/F<\/p>\n<p>2002\u00a0\u00a0\u00a0\u00a0\u00a0\u00a0\u00a0\u00a0\u00a0 \u201eSoho in Ottakring-Fl\u00fcchtig daheim\u201c\/Wien\/A<\/p>\n<p>2002\u00a0\u00a0\u00a0\u00a0\u00a0\u00a0\u00a0\u00a0\u00a0 \u201eArt position\u201c, K\u00fcnstler-Ausstellung im Museum des 20.\u00a0Jhdt., \u201e20er Haus\u201c,<\/p>\n<p>anl\u00e4sslich der Schliessung\u00a0des Museums (April 02):<\/p>\n<p>\u201eMief\u201c-Performance mit Frau\u00a0im Spitalshemd<\/p>\n<p>2001\/02 \u00a0 \u00a0 \u201eAppartement West\u201c\/Deichtorhallen\/Hamburg\/D<\/p>\n<p>2000\/01 \u00a0 \u00a0 \u201eStanza del Fuego\u201c\/Valmontone\/I<\/p>\n<p>2000\/01 \u00a0 \u00a0 \u201eVerso Sud\u201c\/Palazzo Doria Pamphilj\/Valmontone\/I<\/p>\n<p>2000\u00a0\u00a0\u00a0\u00a0\u00a0\u00a0\u00a0\u00a0\u00a0 \u201eCultural Sidewalk\u201c\/Gumpendorf\/Wien\/A<\/p>\n<p>2000 \u00a0 \u00a0 \u00a0 \u00a0 \u00a0\u201eWest und Werkstatt\u201c\/ ProjectsUnited \/H\u00fcrlimann Areal\/Z\u00fcrich\/CH<\/p>\n<p>2000\u00a0\u00a0\u00a0\u00a0\u00a0\u00a0\u00a0\u00a0\u00a0 \u201eSynkopen\u201c\/Freie Akademie Feldkirchen\/A<\/p>\n<p>2000\u00a0\u00a0\u00a0\u00a0\u00a0\u00a0\u00a0\u00a0\u00a0 \u201eU.A.West\u201c\/Galerie Thoman\/Innsbruck\/A<\/p>\n<p>2000\u00a0\u00a0\u00a0\u00a0\u00a0\u00a0\u00a0\u00a0\u00a0 \u201eJuana e Juanita\u201c\/Galer\u00eda Juana\u00a0 de Aizpuru\/Madrid\/E<\/p>\n<p>2000\u00a0\u00a0\u00a0\u00a0\u00a0\u00a0\u00a0\u00a0\u00a0 Avant-Ausstellung: \u201eChrysler &gt;&lt;Grei\u00dfler\u201c\/Galerie Engelhorn\/1010 Wien\/A<\/p>\n<p>1999\/00\u00a0\u00a0\u00a0 \u201eDov\u2019e il West\u201c\/ Centro Arte Contemporanea Spatio\u00a0\u00a0\u00a0\u00a0\u00a0\u00a0\u00a0\u00a0\u00a0 Umano\/Milano\/IT<\/p>\n<p>1999\u00a0\u00a0\u00a0\u00a0\u00a0\u00a0\u00a0\u00a0\u00a0 \u201eWest und Werkstatt\u201c\/ Galerie Kalb\/1010 Wien\/AUT<\/p>\n<p>1999 \u00a0 \u00a0 \u00a0 \u00a0 \u00a0\u201eIncontro\u00a0 con Franz West + Werkstatt\u201c\/Centro Civico per L\u00b4arte Contemporanea<\/p>\n<p>\u201eLa Grancia\u201c\/Serre di Rapolano\/Siena\/IT<\/p>\n<p>1998 \u00a0 \u00a0 \u00a0 \u00a0 \u00a0Loospreisausstellung:\u00a0 B72\/ Raiffeisenbank Looshaus\/1010 Wien\/A<\/p>\n<p>1994\u00a0\u00a0\u00a0\u00a0\u00a0\u00a0\u00a0\u00a0\u00a0 \u201cAlles G\u00f6del\u201c (E) \u00a0Atelier ERDENREICH 1070 Wien\/A<\/p>\n<p>1991\u00a0\u00a0\u00a0\u00a0\u00a0\u00a0\u00a0\u00a0\u00a0 \u201cAnschauungen\u201c (E) Atelier ERDENREICH 1070 Wien\/A<\/p>\n<p>1989\u00a0\u00a0\u00a0\u00a0\u00a0\u00a0\u00a0\u00a0\u00a0 \u201eWorking in Progress\u201c (E) HS Angew. Kunst, Aula, 1010 Wien<\/p>\n<p>&nbsp;<\/p>\n<p>&nbsp;<\/p>\n<p>&nbsp;<\/p>\n<h1>Aktionen und Projekte<\/h1>\n<p>&nbsp;<\/p>\n<p>2004 \u00a0\u00a0\u00a0\u00a0\u00a0\u00a0\u00a0\u00a0 09\/04 Videoaktion mit Franz West: Galerie Cuana de Aizpuru\/Madrid\/SP<\/p>\n<p>2003 \u00a0\u00a0\u00a0\u00a0\u00a0\u00a0\u00a0\u00a0 Mitaktion an Performance \u201eWe\u00b4ll not carry coals\u201c\/Kunsthaus Bregenz\/KubArena\/A<\/p>\n<p>2000\u00a0\u00a0\u00a0\u00a0\u00a0\u00a0\u00a0\u00a0\u00a0 Plakataktion \u201eParteiprogramm\u201c<\/p>\n<p>1999 \u00a0\u00a0\u00a0\u00a0\u00a0\u00a0\u00a0\u00a0 Nachwahl-Tragtaschenaktion \u201e-wirklich so dumm?\u201c<\/p>\n<p>1998 \u00a0\u00a0\u00a0\u00a0\u00a0\u00a0\u00a0\u00a0 Konzept \u201eEuropaflamme\u201c<\/p>\n<p>1996\u00a0\u00a0\u00a0\u00a0\u00a0\u00a0\u00a0\u00a0\u00a0 Projekt \u201e\u00c4ther\u201c<\/p>\n<p>1995 \u00a0\u00a0\u00a0\u00a0\u00a0\u00a0\u00a0\u00a0 \u201eMax Kopfraum im www\u201c\/ spurlos im Netz (CCC Wien)<\/p>\n<p>1991 \u00a0\u00a0\u00a0\u00a0\u00a0\u00a0\u00a0\u00a0 mobile Installation \u201eZeitraffer\u201c<\/p>\n<p>1985\u00a0\u00a0\u00a0\u00a0\u00a0\u00a0\u00a0\u00a0\u00a0 diverse Plakataktionen (\u201eSubversives Individualelement\u201c,<\/p>\n<p>\u201eDein Freund und Helfer\u201c, \u201eStatistisch erfasstes Menschenmaterial\u201c)<\/p>\n<p>&nbsp;<\/p>\n<p>&nbsp;<\/p>\n<p><strong>Mobile Installationen auf Alltagsautos<\/strong><\/p>\n<p>&nbsp;<\/p>\n<p>2002-2008 \u00a0\u201eWolkenbild\u201c (Klebefolien)<\/p>\n<p>seit 1997 \u00a0 \u201eTIXO\u201c (Austin Mini mit TIXO als Taxileuchte)<\/p>\n<p>1996 \u00a0\u00a0\u00a0\u00a0\u00a0\u00a0\u00a0\u00a0 \u201eLeuchtspur\u201c (fluoreszierende Mittel)<\/p>\n<p>1994 \u00a0\u00a0\u00a0\u00a0\u00a0\u00a0\u00a0\u00a0 \u201eWeihnachtstarnung\u201c (Tannenzweige)<\/p>\n<p>1992 \u00a0\u00a0\u00a0\u00a0\u00a0\u00a0\u00a0\u00a0 \u201eGeruchsbombe\u201c (Lysoform)<\/p>\n<p>1988 \u00a0\u00a0\u00a0\u00a0\u00a0\u00a0\u00a0\u00a0 \u201e\u00fcberfl\u00fcssig\u201c (Abfallobst)<\/p>\n<p>1986-88 \u00a0\u00a0 \u201eDas Rennen zur Eizelle\u201c (Klebefolien)<\/p>\n<p>1985\u00a0\u00a0\u00a0\u00a0\u00a0\u00a0\u00a0\u00a0\u00a0 \u201eradiopassiv\u201c (Klebefolien, Flex-Schl\u00e4uche, Gasmaske)<\/p>\n<p>[\/et_pb_text][\/et_pb_column][\/et_pb_row][\/et_pb_section]<\/p>\n","protected":false},"excerpt":{"rendered":"<p>Franz WEST 2006: Videoinstallation und Objekt Multiple &#8222;HANS&#8217;S BLICK &#8211; Hans blickt ins Objektiv&#8220; Hans RIEDEL &#8211; Franz WEST: erste gemeinsame Foto-Collage mithilfe computergest\u00fctzter Bildverarbeitung in Atelier ERDENREICH &amp; Atelier Franz WEST hans RIEDEL, Bildhauer geb. am 17.2.1966 in Rio de Janeiro\/ Brasilien mit 6 Jahren \u00dcbersiedlung nach \u00d6sterreich &#8211; Vorarlberg, dann \u00fcberwiegender Aufenthalt in [&hellip;]<\/p>\n","protected":false},"author":1,"featured_media":0,"parent":0,"menu_order":3,"comment_status":"closed","ping_status":"closed","template":"","meta":{"_et_pb_use_builder":"on","_et_pb_old_content":"","_et_gb_content_width":"","footnotes":""},"class_list":["post-26700","page","type-page","status-publish","hentry"],"_links":{"self":[{"href":"https:\/\/www.atelierfranzwest.at\/de\/wp-json\/wp\/v2\/pages\/26700"}],"collection":[{"href":"https:\/\/www.atelierfranzwest.at\/de\/wp-json\/wp\/v2\/pages"}],"about":[{"href":"https:\/\/www.atelierfranzwest.at\/de\/wp-json\/wp\/v2\/types\/page"}],"author":[{"embeddable":true,"href":"https:\/\/www.atelierfranzwest.at\/de\/wp-json\/wp\/v2\/users\/1"}],"replies":[{"embeddable":true,"href":"https:\/\/www.atelierfranzwest.at\/de\/wp-json\/wp\/v2\/comments?post=26700"}],"version-history":[{"count":5,"href":"https:\/\/www.atelierfranzwest.at\/de\/wp-json\/wp\/v2\/pages\/26700\/revisions"}],"predecessor-version":[{"id":26755,"href":"https:\/\/www.atelierfranzwest.at\/de\/wp-json\/wp\/v2\/pages\/26700\/revisions\/26755"}],"wp:attachment":[{"href":"https:\/\/www.atelierfranzwest.at\/de\/wp-json\/wp\/v2\/media?parent=26700"}],"curies":[{"name":"wp","href":"https:\/\/api.w.org\/{rel}","templated":true}]}}