{"id":26707,"date":"2018-10-11T15:16:41","date_gmt":"2018-10-11T13:16:41","guid":{"rendered":"https:\/\/www.atelierfranzwest.at\/renovierung-west\/"},"modified":"2018-10-12T14:33:47","modified_gmt":"2018-10-12T12:33:47","slug":"renovierung-west","status":"publish","type":"page","link":"https:\/\/www.atelierfranzwest.at\/de\/renovierung-west\/","title":{"rendered":"Refurbishing West"},"content":{"rendered":"<p>[et_pb_section bb_built=&#8220;1&#8243;][et_pb_row][et_pb_column type=&#8220;1_2&#8243;][et_pb_text _builder_version=&#8220;3.16.1&#8243;]<\/p>\n<p style=\"text-align: left;\">(Abbildungen \u00e4hnlich)<\/p>\n<p>[\/et_pb_text][et_pb_image _builder_version=&#8220;3.13.1&#8243; src=&#8220;https:\/\/www.atelierfranzwest.at\/afw\/wp-content\/uploads\/sessel-erfunden.png&#8220; show_bottom_space=&#8220;off&#8220; \/][et_pb_text _builder_version=&#8220;3.16.1&#8243;]<\/p>\n<p>SITZOBJEKTE<\/p>\n<p>[\/et_pb_text][et_pb_text _builder_version=&#8220;3.16.1&#8243;]<\/p>\n<p>Wir freuen uns \u00fcber Anfragen bez\u00fcglich Wiederinstandsetzungen, \u00dcberarbeitungen und Restaurierungen unter office@atelierfranzwest.at<\/p>\n<p>[\/et_pb_text][\/et_pb_column][et_pb_column type=&#8220;1_2&#8243;][et_pb_image _builder_version=&#8220;3.13.1&#8243; src=&#8220;https:\/\/www.atelierfranzwest.at\/afw\/wp-content\/uploads\/papp-erfunden.png&#8220; show_bottom_space=&#8220;off&#8220; \/][et_pb_text _builder_version=&#8220;3.16.1&#8243;]<\/p>\n<p>PAPIERMASCHE\u00c8<\/p>\n<p>[\/et_pb_text][\/et_pb_column][\/et_pb_row][et_pb_row][et_pb_column type=&#8220;1_2&#8243;][et_pb_image _builder_version=&#8220;3.13.1&#8243; src=&#8220;https:\/\/www.atelierfranzwest.at\/afw\/wp-content\/uploads\/couch-erfunden.png&#8220; show_bottom_space=&#8220;off&#8220; \/][et_pb_text _builder_version=&#8220;3.16.1&#8243;]<\/p>\n<p>MOBILIAR-OBJEKTE<\/p>\n<p>[\/et_pb_text][\/et_pb_column][et_pb_column type=&#8220;1_2&#8243;][et_pb_image _builder_version=&#8220;3.13.1&#8243; src=&#8220;https:\/\/www.atelierfranzwest.at\/afw\/wp-content\/uploads\/ALU-erfunden.png&#8220; show_bottom_space=&#8220;off&#8220; \/][et_pb_text _builder_version=&#8220;3.16.1&#8243;]<\/p>\n<p>AUSSENOBJEKTE<\/p>\n<p>[\/et_pb_text][\/et_pb_column][\/et_pb_row][et_pb_row][et_pb_column type=&#8220;1_2&#8243;][et_pb_image _builder_version=&#8220;3.13.1&#8243; src=&#8220;https:\/\/www.atelierfranzwest.at\/afw\/wp-content\/uploads\/diverses.png&#8220; show_bottom_space=&#8220;off&#8220; \/][et_pb_text _builder_version=&#8220;3.16.1&#8243;]<\/p>\n<p>DIVERSE<\/p>\n<p>[\/et_pb_text][\/et_pb_column][et_pb_column type=&#8220;1_2&#8243;][\/et_pb_column][\/et_pb_row][et_pb_row][et_pb_column type=&#8220;4_4&#8243;][et_pb_text _builder_version=&#8220;3.16.1&#8243;]<\/p>\n<p>Auszug aus einem Interview von<\/p>\n<p>Andreas REITER RAABE mit Franz WEST<\/p>\n<p>Man w\u00e4hlt, bevor man sich entschieden hat<br \/>\nWie entsteht Kunst? Entsteht sie willentlich, oder ist<br \/>\nder K\u00fcnstler Handlanger der Erfordernisse?<\/p>\n<p>. . . . . . . . . . . . .<\/p>\n<p>Andreas REITER RAABE:<br \/>\n<strong>Ich habe (. . . .) den Eindruck, dass dir die Form leichter f\u00e4llt als die Farbe, als der Anstrich, die Malerei?<\/strong><\/p>\n<p>Franz WEST:<br \/>\nZu den Formen komme ich gar nicht mehr.<\/p>\n<p>ich habe jetzt mehr Assistenten als Arbeit, und so macht der eine Formen, der andere streicht sie an, dann wird alles wieder hundertmal zerlegt und die Farben v\u00f6llig ver\u00e4ndert.<\/p>\n<p>Das ist ziemlich nervenaufreibend. Die Skulpturen geh\u00f6ren schon aus technischen Gr\u00fcnden zugef\u00e4rbt, weil Papiermach\u00e9, wenn es l\u00e4nger an der Luft bleibt, oxidiert. Ich lasse sie dann einmal in irgendwelchen Farben streichen. Manchmal kann man darauf ganz gut weiterarbeiten, oder es ist scheu\u00dflich, und man macht etwas anderes daraus. Das ist schon einmal ein Motiv. Aber die Formen, die\u00a0herauskommen, sind immer ziemlich dieselben Formen, f\u00fcrchte ich.<\/p>\n<p><strong>Das Sich-st\u00e4ndig-Unterbrechen, Sich-selbst-in-die-Rede-Fallen \u2013 was nat\u00fcrlich auch zur Beschleunigung der Kunst, des Betriebs beitr\u00e4gt, weil die permanente Erneuerung gesucht wird, wo also die Ungewissheit die einzige Gewissheit ist \u2013 trifft bei dir sehr stark zu. Auch da du in der Arbeit immer vielf\u00e4ltiger wurdest.<\/strong><\/p>\n<p>Das hat sich so entwickelt. Es machen wirklich jetzt schon alles Assistenten, die Skulpturen, die Frau Anne streicht dr\u00fcber, die Videos macht jemand, die Metallsachen macht jemand, und ich muss dann aus dem, was sie machen, etwas machen.<\/p>\n<p><strong>Aber ist das nicht irritierend f\u00fcr die Assistenten, die ja fast alle K\u00fcnstler sind?<\/strong><\/p>\n<p>Ja, eben. Da arbeitet man mit Sentimentalit\u00e4ten herum, aber da muss man dann cool bleiben.<\/p>\n<p>. . . . . . . . . . . . .<\/p>\n<p>Quelle: spike magazine &#8211; Andreas REITER RAABE Interview: Franz West<\/p>\n<p>[\/et_pb_text][\/et_pb_column][\/et_pb_row][\/et_pb_section]<\/p>\n","protected":false},"excerpt":{"rendered":"<p><div class=\"et_pb_row et_pb_row_0 et_pb_row_empty\">\n\t\t\t\t\n\t\t\t\t\n\t\t\t\t\n\t\t\t\t\n\t\t\t\t\n\t\t\t<\/div> (Abbildungen \u00e4hnlich) SITZOBJEKTE Wir freuen uns \u00fcber Anfragen bez\u00fcglich Wiederinstandsetzungen, \u00dcberarbeitungen und Restaurierungen unter office@atelierfranzwest.at PAPIERMASCHE\u00c8 <div class=\"et_pb_row et_pb_row_1 et_pb_row_empty\">\n\t\t\t\t\n\t\t\t\t\n\t\t\t\t\n\t\t\t\t\n\t\t\t\t\n\t\t\t<\/div> MOBILIAR-OBJEKTE AUSSENOBJEKTE <div class=\"et_pb_row et_pb_row_2 et_pb_row_empty\">\n\t\t\t\t\n\t\t\t\t\n\t\t\t\t\n\t\t\t\t\n\t\t\t\t\n\t\t\t<\/div> DIVERSE <div class=\"et_pb_row et_pb_row_3 et_pb_row_empty\">\n\t\t\t\t\n\t\t\t\t\n\t\t\t\t\n\t\t\t\t\n\t\t\t\t\n\t\t\t<\/div> Auszug aus einem Interview von Andreas REITER RAABE mit Franz WEST Man w\u00e4hlt, bevor man sich entschieden hat Wie entsteht Kunst? Entsteht sie willentlich, oder ist der K\u00fcnstler Handlanger der Erfordernisse? . [&hellip;]<\/p>\n","protected":false},"author":1,"featured_media":0,"parent":0,"menu_order":11,"comment_status":"closed","ping_status":"closed","template":"","meta":{"_et_pb_use_builder":"on","_et_pb_old_content":"","_et_gb_content_width":"","footnotes":""},"class_list":["post-26707","page","type-page","status-publish","hentry"],"_links":{"self":[{"href":"https:\/\/www.atelierfranzwest.at\/de\/wp-json\/wp\/v2\/pages\/26707"}],"collection":[{"href":"https:\/\/www.atelierfranzwest.at\/de\/wp-json\/wp\/v2\/pages"}],"about":[{"href":"https:\/\/www.atelierfranzwest.at\/de\/wp-json\/wp\/v2\/types\/page"}],"author":[{"embeddable":true,"href":"https:\/\/www.atelierfranzwest.at\/de\/wp-json\/wp\/v2\/users\/1"}],"replies":[{"embeddable":true,"href":"https:\/\/www.atelierfranzwest.at\/de\/wp-json\/wp\/v2\/comments?post=26707"}],"version-history":[{"count":5,"href":"https:\/\/www.atelierfranzwest.at\/de\/wp-json\/wp\/v2\/pages\/26707\/revisions"}],"predecessor-version":[{"id":26739,"href":"https:\/\/www.atelierfranzwest.at\/de\/wp-json\/wp\/v2\/pages\/26707\/revisions\/26739"}],"wp:attachment":[{"href":"https:\/\/www.atelierfranzwest.at\/de\/wp-json\/wp\/v2\/media?parent=26707"}],"curies":[{"name":"wp","href":"https:\/\/api.w.org\/{rel}","templated":true}]}}